{"id":8675,"date":"2023-02-05T13:39:44","date_gmt":"2023-02-05T13:39:44","guid":{"rendered":"https:\/\/www.itsperfect.io\/privacy-policy\/"},"modified":"2024-06-17T15:17:06","modified_gmt":"2024-06-17T15:17:06","slug":"privacy-policy","status":"publish","type":"page","link":"https:\/\/www.itsperfect.io\/de\/privacy-policy\/","title":{"rendered":"Datenschutzerkl\u00e4rung"},"content":{"rendered":"\t\t<div data-elementor-type=\"wp-page\" data-elementor-id=\"8675\" class=\"elementor elementor-8675 elementor-32\" data-elementor-post-type=\"page\">\n\t\t\t\t\t\t<section class=\"elementor-section elementor-top-section elementor-element elementor-element-554a561 elementor-section-boxed elementor-section-height-default elementor-section-height-default\" data-id=\"554a561\" data-element_type=\"section\" data-e-type=\"section\" data-settings=\"{&quot;background_background&quot;:&quot;classic&quot;}\">\n\t\t\t\t\t\t\t<div class=\"elementor-background-overlay\"><\/div>\n\t\t\t\t\t\t\t<div class=\"elementor-container elementor-column-gap-default\">\n\t\t\t\t\t<div class=\"elementor-column elementor-col-100 elementor-top-column elementor-element elementor-element-f8fb136\" data-id=\"f8fb136\" data-element_type=\"column\" data-e-type=\"column\">\n\t\t\t<div class=\"elementor-widget-wrap elementor-element-populated\">\n\t\t\t\t\t\t<div class=\"elementor-element elementor-element-e454e29 elementor-widget-divider--view-line elementor-widget elementor-widget-divider\" data-id=\"e454e29\" data-element_type=\"widget\" data-e-type=\"widget\" data-widget_type=\"divider.default\">\n\t\t\t\t<div class=\"elementor-widget-container\">\n\t\t\t\t\t\t\t<div class=\"elementor-divider\">\n\t\t\t<span class=\"elementor-divider-separator\">\n\t\t\t\t\t\t<\/span>\n\t\t<\/div>\n\t\t\t\t\t\t<\/div>\n\t\t\t\t<\/div>\n\t\t\t\t<div class=\"elementor-element elementor-element-318f3a1 elementor-widget elementor-widget-text-editor\" data-id=\"318f3a1\" data-element_type=\"widget\" data-e-type=\"widget\" data-widget_type=\"text-editor.default\">\n\t\t\t\t<div class=\"elementor-widget-container\">\n\t\t\t\t\t\t\t\t\t<p>Erfahren Sie mehr dar\u00fcber, wie wir mit Ihren Daten arbeiten und sie sch\u00fctzen<\/p>\n\t\t\t\t\t\t\t\t<\/div>\n\t\t\t\t<\/div>\n\t\t\t\t\t<\/div>\n\t\t<\/div>\n\t\t\t\t\t<\/div>\n\t\t<\/section>\n\t\t\t\t<section class=\"elementor-section elementor-top-section elementor-element elementor-element-e5bfbda elementor-section-boxed elementor-section-height-default elementor-section-height-default\" data-id=\"e5bfbda\" data-element_type=\"section\" data-e-type=\"section\">\n\t\t\t\t\t\t<div class=\"elementor-container elementor-column-gap-default\">\n\t\t\t\t\t<div class=\"elementor-column elementor-col-100 elementor-top-column elementor-element elementor-element-1e52571\" data-id=\"1e52571\" data-element_type=\"column\" data-e-type=\"column\">\n\t\t\t<div class=\"elementor-widget-wrap elementor-element-populated\">\n\t\t\t\t\t\t<div class=\"elementor-element elementor-element-89b953e elementor-widget elementor-widget-text-editor\" data-id=\"89b953e\" data-element_type=\"widget\" data-e-type=\"widget\" data-widget_type=\"text-editor.default\">\n\t\t\t\t<div class=\"elementor-widget-container\">\n\t\t\t\t\t\t\t\t\t<p><em>Itsperfect, mit Sitz in der Kerklaan 9b, 1251 JR Laren, ist f\u00fcr die Verarbeitung personenbezogener Daten gem\u00e4\u00df dieser Datenschutzrichtlinie verantwortlich.<\/em><\/p>\n\t\t\t\t\t\t\t\t<\/div>\n\t\t\t\t<\/div>\n\t\t\t\t<div class=\"elementor-element elementor-element-803e052 elementor-widget elementor-widget-heading\" data-id=\"803e052\" data-element_type=\"widget\" data-e-type=\"widget\" data-widget_type=\"heading.default\">\n\t\t\t\t<div class=\"elementor-widget-container\">\n\t\t\t\t\t<h2 class=\"elementor-heading-title elementor-size-default\">PERSONENBEZOGENE DATEN, DIE WIR VERARBEITEN K\u00d6NNEN<\/h2>\t\t\t\t<\/div>\n\t\t\t\t<\/div>\n\t\t\t\t<div class=\"elementor-element elementor-element-835d16c elementor-widget elementor-widget-text-editor\" data-id=\"835d16c\" data-element_type=\"widget\" data-e-type=\"widget\" data-widget_type=\"text-editor.default\">\n\t\t\t\t<div class=\"elementor-widget-container\">\n\t\t\t\t\t\t\t\t\t<p>Itsperfect verarbeitet die personenbezogenen Daten unserer Nutzer, weil sie unsere Dienste nutzen und\/oder weil sie uns diese zur Verf\u00fcgung stellen. Im Folgenden finden Sie einen \u00dcberblick \u00fcber die personenbezogenen Daten, die wir verarbeiten k\u00f6nnen. <\/p>\n<p><span style=\"background-color: transparent; color: var( --e-global-color-text ); font-family: var( --e-global-typography-text-font-family ), Sans-serif; font-weight: var( --e-global-typography-text-font-weight );\">Wenn Sie unsere Website besuchen:<\/span><\/p>\n<ul>\n<li>IP-Adresse;<\/li>\n<li>Informationen \u00fcber Ihre Aktivit\u00e4ten auf unserer Website;<\/li>\n<li>Internet-Browser und Ger\u00e4tetyp.<\/li>\n<\/ul>\n<div> <\/div>\n<p>Im Falle einer Kontaktanfrage;<\/p>\n<ul>\n<li><span style=\"color: var( --e-global-color-text ); font-family: var( --e-global-typography-text-font-family ), Sans-serif; font-weight: var( --e-global-typography-text-font-weight );\">Vor- und Nachname;<\/span><\/li>\n<li>E-Mail Adresse.<\/li>\n<\/ul>\n<h3>Cookies<\/h3>\n<p>Itsperfect verwendet funktionale, analytische und Tracking-Cookies. Ein Cookie ist eine kleine Textdatei, die bei Ihrem ersten Besuch auf dieser Website im Browser Ihres Computers, Tablets oder Smartphones gespeichert wird. Als Sie unsere Website zum ersten Mal besuchten, haben wir Sie bereits \u00fcber diese Cookies informiert und Sie um Erlaubnis gebeten, sie zu platzieren. Sie k\u00f6nnen sich von Cookies abmelden, indem Sie Ihren Internet-Browser so einstellen, dass er keine Cookies mehr speichert. Dar\u00fcber hinaus k\u00f6nnen Sie auch alle zuvor gespeicherten Informationen \u00fcber die Einstellungen Ihres Browsers l\u00f6schen. Wenn Cookies nicht akzeptiert werden, kann es jedoch sein, dass bestimmte Dienste oder Elemente der Website nicht optimal funktionieren.  <\/p>\n\t\t\t\t\t\t\t\t<\/div>\n\t\t\t\t<\/div>\n\t\t\t\t<div class=\"elementor-element elementor-element-79bd8ef elementor-widget elementor-widget-heading\" data-id=\"79bd8ef\" data-element_type=\"widget\" data-e-type=\"widget\" data-widget_type=\"heading.default\">\n\t\t\t\t<div class=\"elementor-widget-container\">\n\t\t\t\t\t<h2 class=\"elementor-heading-title elementor-size-default\">RECHTM\u00c4SSIGKEIT DER VERARBEITUNG<\/h2>\t\t\t\t<\/div>\n\t\t\t\t<\/div>\n\t\t\t\t<div class=\"elementor-element elementor-element-89fa3eb elementor-widget elementor-widget-text-editor\" data-id=\"89fa3eb\" data-element_type=\"widget\" data-e-type=\"widget\" data-widget_type=\"text-editor.default\">\n\t\t\t\t<div class=\"elementor-widget-container\">\n\t\t\t\t\t\t\t\t\t<p>Die Verarbeitung ist nur rechtm\u00e4\u00dfig, wenn und soweit mindestens einer der folgenden Punkte zutrifft:<\/p>\n<ul>\n<li>Die betroffene Person hat ihre Einwilligung zur Verarbeitung ihrer personenbezogenen Daten f\u00fcr einen oder mehrere bestimmte Zwecke gegeben;<\/li>\n<li>Die Verarbeitung ist f\u00fcr die Erf\u00fcllung eines Vertrags, dessen Vertragspartei die betroffene Person ist, oder f\u00fcr die Durchf\u00fchrung von Ma\u00dfnahmen erforderlich, die auf Antrag der betroffenen Person vor Abschluss eines Vertrags erfolgen;<\/li>\n<li>Die Verarbeitung ist zur Wahrung der berechtigten Interessen des f\u00fcr die Verarbeitung Verantwortlichen oder eines Dritten erforderlich, sofern nicht die Interessen oder Grundrechte und Grundfreiheiten der betroffenen Person, die den Schutz personenbezogener Daten erfordern, \u00fcberwiegen, insbesondere wenn es sich bei der betroffenen Person um ein Kind handelt.<\/li>\n<\/ul>\n<h3>Besondere und\/oder sensible personenbezogene Daten, die wir verarbeiten<\/h3>\n<p>Unsere Website und\/oder unser Dienst haben nicht die Absicht, Daten \u00fcber Website-Besucher zu sammeln, die j\u00fcnger als 16 Jahre alt sind. Es sei denn, sie haben die Erlaubnis ihrer Eltern oder Erziehungsberechtigten. Wir k\u00f6nnen jedoch nicht \u00fcberpr\u00fcfen, ob ein Besucher \u00fcber 16 Jahre alt ist. Wir empfehlen daher, die Eltern in die Online-Aktivit\u00e4ten ihrer Kinder einzubeziehen, um zu verhindern, dass Daten \u00fcber Kinder ohne elterliche Zustimmung gesammelt werden. Wenn Sie der Meinung sind, dass wir personenbezogene Daten \u00fcber einen Minderj\u00e4hrigen ohne diese Zustimmung erfasst haben, wenden Sie sich bitte an <g id=\"gid_0\">support@itsperfect.io<\/g>, und wir werden diese Daten l\u00f6schen.   <\/p>\n<h3>Zu welchem Zweck und auf welcher Grundlage verarbeiten wir personenbezogene Daten?<\/h3>\n<p>Itsperfect verarbeitet Ihre personenbezogenen Daten f\u00fcr die folgenden Zwecke:<\/p>\n<ul>\n<li>Senden Sie unseren Newsletter;<\/li>\n<li>Um Sie anrufen oder Ihnen eine E-Mail schicken zu k\u00f6nnen, wenn dies f\u00fcr die Erbringung unserer Dienstleistungen erforderlich ist;<\/li>\n<li>Sie \u00fcber \u00c4nderungen bei unseren Dienstleistungen und Produkten zu informieren;<\/li>\n<li>Damit wir unsere Dienstleistungen erbringen k\u00f6nnen;<\/li>\n<li>Itsperfect analysiert Ihr Verhalten auf der Website, um die Website zu verbessern und das Angebot an Produkten und Dienstleistungen auf Ihre Pr\u00e4ferenzen abzustimmen;<\/li>\n<li>Itsperfect verarbeitet auch personenbezogene Daten, wenn wir gesetzlich dazu verpflichtet sind, wie z. B. die Daten, die wir f\u00fcr unsere Steuern ben\u00f6tigen.<\/li>\n<\/ul>\n<h3>Aufbewahrungsfrist<\/h3>\n<p>Die pers\u00f6nlichen Daten werden f\u00fcr maximal 2 Jahre nach Ihrem Besuch auf der Website gespeichert.<\/p>\n\t\t\t\t\t\t\t\t<\/div>\n\t\t\t\t<\/div>\n\t\t\t\t<div class=\"elementor-element elementor-element-70f47c0 elementor-widget elementor-widget-heading\" data-id=\"70f47c0\" data-element_type=\"widget\" data-e-type=\"widget\" data-widget_type=\"heading.default\">\n\t\t\t\t<div class=\"elementor-widget-container\">\n\t\t\t\t\t<h2 class=\"elementor-heading-title elementor-size-default\">WEITERGABE VON PERSONENBEZOGENEN DATEN AN DRITTE<\/h2>\t\t\t\t<\/div>\n\t\t\t\t<\/div>\n\t\t\t\t<div class=\"elementor-element elementor-element-c1479da elementor-widget elementor-widget-text-editor\" data-id=\"c1479da\" data-element_type=\"widget\" data-e-type=\"widget\" data-widget_type=\"text-editor.default\">\n\t\t\t\t<div class=\"elementor-widget-container\">\n\t\t\t\t\t\t\t\t\t<p>Itsperfect gibt Ihre personenbezogenen Daten an verschiedene Dritte weiter, wenn dies f\u00fcr die Erf\u00fcllung des Vertrags und zur Einhaltung rechtlicher Verpflichtungen erforderlich ist. Mit Unternehmen, die Ihre Daten in unserem Auftrag verarbeiten, schlie\u00dfen wir einen Verarbeitungsvertrag ab, um das gleiche Ma\u00df an Sicherheit und Vertraulichkeit Ihrer Daten zu gew\u00e4hrleisten. Itsperfect bleibt f\u00fcr diese Verarbeitungen verantwortlich.<\/p>\n\t\t\t\t\t\t\t\t<\/div>\n\t\t\t\t<\/div>\n\t\t\t\t<div class=\"elementor-element elementor-element-c6eb479 elementor-widget elementor-widget-heading\" data-id=\"c6eb479\" data-element_type=\"widget\" data-e-type=\"widget\" data-widget_type=\"heading.default\">\n\t\t\t\t<div class=\"elementor-widget-container\">\n\t\t\t\t\t<h2 class=\"elementor-heading-title elementor-size-default\">IHRE RECHTE<\/h2>\t\t\t\t<\/div>\n\t\t\t\t<\/div>\n\t\t\t\t<div class=\"elementor-element elementor-element-9a9c25e elementor-widget elementor-widget-text-editor\" data-id=\"9a9c25e\" data-element_type=\"widget\" data-e-type=\"widget\" data-widget_type=\"text-editor.default\">\n\t\t\t\t<div class=\"elementor-widget-container\">\n\t\t\t\t\t\t\t\t\t<p>Sie haben das Recht auf Zugang, Berichtigung oder L\u00f6schung Ihrer personenbezogenen Daten. Dar\u00fcber hinaus haben Sie das Recht, Ihre Zustimmung zur Datenverarbeitung zu widerrufen oder der Verarbeitung Ihrer personenbezogenen Daten durch Itsperfect zu widersprechen, und Sie haben das Recht auf Daten\u00fcbertragbarkeit. Das bedeutet, dass Sie bei uns beantragen k\u00f6nnen, dass die personenbezogenen Daten, die wir \u00fcber Sie in einer Computerdatei gespeichert haben, an Sie oder an eine andere von Ihnen genannte Organisation \u00fcbermittelt werden. Sie k\u00f6nnen einen Antrag auf Zugang, Berichtigung, L\u00f6schung oder Daten\u00fcbermittlung Ihrer personenbezogenen Daten oder auf Widerruf Ihrer Einwilligung oder Widerspruch gegen die Verarbeitung Ihrer personenbezogenen Daten an <g id=\"gid_0\">support@Itsperfect.io senden.<\/g>   Um sicher zu sein, dass der Antrag auf Einsichtnahme von Ihnen gestellt wurde, bitten wir Sie, uns mit dem Antrag eine Kopie Ihres Ausweises zu schicken. Auf dieser Kopie sollten Sie Ihr Passfoto, die MRZ (maschinenlesbare Zone, der Streifen mit Zahlen am unteren Rand des Passes), die Passnummer und die Sozialversicherungsnummer (BSN) in schwarzer Schrift anbringen. Dies dient dem Schutz Ihrer Privatsph\u00e4re. Wir werden Ihre Anfrage so schnell wie m\u00f6glich, jedoch innerhalb von vier Wochen, beantworten. Itsperfect m\u00f6chte Sie auch darauf hinweisen, dass Sie die M\u00f6glichkeit haben, bei der nationalen Aufsichtsbeh\u00f6rde, der Beh\u00f6rde f\u00fcr personenbezogene Daten, eine Beschwerde einzureichen. Sie k\u00f6nnen dies \u00fcber den folgenden <g id=\"gid_0\">Link<\/g> tun     <\/p>\n\t\t\t\t\t\t\t\t<\/div>\n\t\t\t\t<\/div>\n\t\t\t\t<div class=\"elementor-element elementor-element-a2e8e98 elementor-widget elementor-widget-heading\" data-id=\"a2e8e98\" data-element_type=\"widget\" data-e-type=\"widget\" data-widget_type=\"heading.default\">\n\t\t\t\t<div class=\"elementor-widget-container\">\n\t\t\t\t\t<h2 class=\"elementor-heading-title elementor-size-default\">AUTOMATISIERTE ENTSCHEIDUNGSFINDUNG<\/h2>\t\t\t\t<\/div>\n\t\t\t\t<\/div>\n\t\t\t\t<div class=\"elementor-element elementor-element-6c2b3fe elementor-widget elementor-widget-text-editor\" data-id=\"6c2b3fe\" data-element_type=\"widget\" data-e-type=\"widget\" data-widget_type=\"text-editor.default\">\n\t\t\t\t<div class=\"elementor-widget-container\">\n\t\t\t\t\t\t\t\t\t<p>Wir k\u00f6nnen in einigen F\u00e4llen auf eine automatisierte Entscheidungsfindung zur\u00fcckgreifen, wenn dies gesetzlich zul\u00e4ssig ist, wenn Sie ausdr\u00fccklich eingewilligt haben oder wenn dies f\u00fcr die Erf\u00fcllung eines Vertrags erforderlich ist. Sie haben jederzeit die M\u00f6glichkeit, stattdessen eine manuelle Entscheidungsfindung zu verlangen, Ihre Meinung zu \u00e4u\u00dfern oder einer Entscheidung zu widersprechen, die ausschlie\u00dflich auf einer automatisierten Verarbeitung, einschlie\u00dflich Profiling, beruht, wenn eine solche Entscheidung rechtliche Folgen nach sich ziehen oder Sie in \u00e4hnlicher Weise erheblich beeintr\u00e4chtigen w\u00fcrde. Wenn wir eine automatisierte Entscheidungsfindung einsetzen, werden wir Sie \u00fcber die damit verbundene Logik sowie \u00fcber die Bedeutung und die voraussichtlichen Folgen f\u00fcr Sie informieren.  <\/p>\n\t\t\t\t\t\t\t\t<\/div>\n\t\t\t\t<\/div>\n\t\t\t\t<div class=\"elementor-element elementor-element-21c1608 elementor-widget elementor-widget-heading\" data-id=\"21c1608\" data-element_type=\"widget\" data-e-type=\"widget\" data-widget_type=\"heading.default\">\n\t\t\t\t<div class=\"elementor-widget-container\">\n\t\t\t\t\t<h2 class=\"elementor-heading-title elementor-size-default\">WIE WIR PERSONENBEZOGENE DATEN SCH\u00dcTZEN<\/h2>\t\t\t\t<\/div>\n\t\t\t\t<\/div>\n\t\t\t\t<div class=\"elementor-element elementor-element-ba8874c elementor-widget elementor-widget-text-editor\" data-id=\"ba8874c\" data-element_type=\"widget\" data-e-type=\"widget\" data-widget_type=\"text-editor.default\">\n\t\t\t\t<div class=\"elementor-widget-container\">\n\t\t\t\t\t\t\t\t\t<p>Itsperfect nimmt den Schutz Ihrer Daten ernst und ergreift geeignete Ma\u00dfnahmen, um Missbrauch, Verlust, unbefugten Zugriff, unbefugte Offenlegung und unbefugte \u00c4nderung zu verhindern.<\/p>\n\t\t\t\t\t\t\t\t<\/div>\n\t\t\t\t<\/div>\n\t\t\t\t<div class=\"elementor-element elementor-element-2a871ee elementor-widget elementor-widget-heading\" data-id=\"2a871ee\" data-element_type=\"widget\" data-e-type=\"widget\" data-widget_type=\"heading.default\">\n\t\t\t\t<div class=\"elementor-widget-container\">\n\t\t\t\t\t<h2 class=\"elementor-heading-title elementor-size-default\">\u00c4NDERUNGEN<\/h2>\t\t\t\t<\/div>\n\t\t\t\t<\/div>\n\t\t\t\t<div class=\"elementor-element elementor-element-be8c910 elementor-widget elementor-widget-text-editor\" data-id=\"be8c910\" data-element_type=\"widget\" data-e-type=\"widget\" data-widget_type=\"text-editor.default\">\n\t\t\t\t<div class=\"elementor-widget-container\">\n\t\t\t\t\t\t\t\t\t<p>Itsperfect beh\u00e4lt sich das Recht vor, Teile dieser Datenschutzrichtlinie jederzeit zu \u00e4ndern. Lesen Sie diese Datenschutzrichtlinie regelm\u00e4\u00dfig, um bei \u00c4nderungen auf dem Laufenden zu bleiben. <\/p>\n\t\t\t\t\t\t\t\t<\/div>\n\t\t\t\t<\/div>\n\t\t\t\t\t<\/div>\n\t\t<\/div>\n\t\t\t\t\t<\/div>\n\t\t<\/section>\n\t\t\t\t<\/div>\n\t\t","protected":false},"excerpt":{"rendered":"<p>Erfahren Sie mehr dar\u00fcber, wie wir mit Ihren Daten arbeiten und sie sch\u00fctzen Itsperfect, mit Sitz in der Kerklaan 9b, 1251 JR Laren, ist f\u00fcr die Verarbeitung personenbezogener Daten gem\u00e4\u00df dieser Datenschutzrichtlinie verantwortlich. PERSONENBEZOGENE DATEN, DIE WIR VERARBEITEN K\u00d6NNEN Itsperfect verarbeitet die personenbezogenen Daten unserer Nutzer, weil sie unsere Dienste nutzen und\/oder weil sie uns [&hellip;]<\/p>\n","protected":false},"author":4,"featured_media":7906,"parent":0,"menu_order":0,"comment_status":"closed","ping_status":"closed","template":"","meta":{"_acf_changed":false,"footnotes":""},"class_list":["post-8675","page","type-page","status-publish","has-post-thumbnail","hentry"],"acf":[],"_links":{"self":[{"href":"https:\/\/www.itsperfect.io\/de\/wp-json\/wp\/v2\/pages\/8675","targetHints":{"allow":["GET"]}}],"collection":[{"href":"https:\/\/www.itsperfect.io\/de\/wp-json\/wp\/v2\/pages"}],"about":[{"href":"https:\/\/www.itsperfect.io\/de\/wp-json\/wp\/v2\/types\/page"}],"author":[{"embeddable":true,"href":"https:\/\/www.itsperfect.io\/de\/wp-json\/wp\/v2\/users\/4"}],"replies":[{"embeddable":true,"href":"https:\/\/www.itsperfect.io\/de\/wp-json\/wp\/v2\/comments?post=8675"}],"version-history":[{"count":0,"href":"https:\/\/www.itsperfect.io\/de\/wp-json\/wp\/v2\/pages\/8675\/revisions"}],"wp:featuredmedia":[{"embeddable":true,"href":"https:\/\/www.itsperfect.io\/de\/wp-json\/wp\/v2\/media\/7906"}],"wp:attachment":[{"href":"https:\/\/www.itsperfect.io\/de\/wp-json\/wp\/v2\/media?parent=8675"}],"curies":[{"name":"wp","href":"https:\/\/api.w.org\/{rel}","templated":true}]}}