{"id":18531,"date":"2025-10-08T08:32:16","date_gmt":"2025-10-08T08:32:16","guid":{"rendered":"https:\/\/www.itsperfect.io\/itsperfect-pranke-integration\/"},"modified":"2026-03-19T08:31:02","modified_gmt":"2026-03-19T08:31:02","slug":"itsperfect-pranke-integration","status":"publish","type":"page","link":"https:\/\/www.itsperfect.io\/de\/integrations\/itsperfect-pranke-integration\/","title":{"rendered":"Itsperfect x Pranke integration"},"content":{"rendered":"\t\t<div data-elementor-type=\"wp-page\" data-elementor-id=\"18531\" class=\"elementor elementor-18531 elementor-18256\" data-elementor-post-type=\"page\">\n\t\t\t\t\t\t<section class=\"elementor-section elementor-top-section elementor-element elementor-element-3bab4766 elementor-section-boxed elementor-section-height-default elementor-section-height-default\" data-id=\"3bab4766\" data-element_type=\"section\" data-e-type=\"section\" data-settings=\"{&quot;background_background&quot;:&quot;classic&quot;}\">\n\t\t\t\t\t\t\t<div class=\"elementor-background-overlay\"><\/div>\n\t\t\t\t\t\t\t<div class=\"elementor-container elementor-column-gap-default\">\n\t\t\t\t\t<div class=\"elementor-column elementor-col-100 elementor-top-column elementor-element elementor-element-6a146756\" data-id=\"6a146756\" data-element_type=\"column\" data-e-type=\"column\">\n\t\t\t<div class=\"elementor-widget-wrap elementor-element-populated\">\n\t\t\t\t\t\t<div class=\"elementor-element elementor-element-169613de elementor-widget elementor-widget-image\" data-id=\"169613de\" data-element_type=\"widget\" data-e-type=\"widget\" data-widget_type=\"image.default\">\n\t\t\t\t<div class=\"elementor-widget-container\">\n\t\t\t\t\t\t\t\t\t\t\t\t\t\t\t<img decoding=\"async\" src=\"https:\/\/www.itsperfect.io\/wp-content\/uploads\/elementor\/thumbs\/Logo_Pranke-r8r0l9dkd1un3eilofl78h6pua5awq7xlxe9qlywh4.png\" title=\"Logo_Pranke\" alt=\"Logo_Pranke\" loading=\"lazy\" \/>\t\t\t\t\t\t\t\t\t\t\t\t\t\t\t<\/div>\n\t\t\t\t<\/div>\n\t\t\t\t<div class=\"elementor-element elementor-element-7bd5faf3 elementor-widget elementor-widget-heading\" data-id=\"7bd5faf3\" data-element_type=\"widget\" data-e-type=\"widget\" data-widget_type=\"heading.default\">\n\t\t\t\t<div class=\"elementor-widget-container\">\n\t\t\t\t\t<h1 class=\"elementor-heading-title elementor-size-default\">Pranke x Itsperfect Integration<\/h1>\t\t\t\t<\/div>\n\t\t\t\t<\/div>\n\t\t\t\t\t<\/div>\n\t\t<\/div>\n\t\t\t\t\t<\/div>\n\t\t<\/section>\n\t\t\t\t<section class=\"elementor-section elementor-top-section elementor-element elementor-element-41161199 elementor-section-boxed elementor-section-height-default elementor-section-height-default\" data-id=\"41161199\" data-element_type=\"section\" data-e-type=\"section\" data-settings=\"{&quot;background_background&quot;:&quot;classic&quot;}\">\n\t\t\t\t\t\t<div class=\"elementor-container elementor-column-gap-default\">\n\t\t\t\t\t<div class=\"elementor-column elementor-col-100 elementor-top-column elementor-element elementor-element-1d7442b2\" data-id=\"1d7442b2\" data-element_type=\"column\" data-e-type=\"column\">\n\t\t\t<div class=\"elementor-widget-wrap elementor-element-populated\">\n\t\t\t\t\t\t<div class=\"elementor-element elementor-element-3455bf41 elementor-widget elementor-widget-text-editor\" data-id=\"3455bf41\" data-element_type=\"widget\" data-e-type=\"widget\" data-widget_type=\"text-editor.default\">\n\t\t\t\t<div class=\"elementor-widget-container\">\n\t\t\t\t\t\t\t\t\t<p><strong>Verbinden Sie Itsperfect mit dem Managed EDI Service von Pranke f\u00fcr den elektronischen Datenaustausch  <\/strong><\/p>\n<p>Dank der nahtlosen Integration von Itsperfect und Pranke k\u00f6nnen Modemarken m\u00fchelos \u00fcber EDI (Electronic Data Interchange) mit Einzelh\u00e4ndlern in Verbindung treten. Bestellungen, Rechnungen und Versanddetails flie\u00dfen automatisch zwischen den Systemen &#8211; ohne manuelle Arbeit. Pranke fungiert als EDI-Gateway, w\u00e4hrend Itsperfect daf\u00fcr sorgt, dass alle Informationen ohne manuelle Bearbeitung direkt in das ERP-System flie\u00dfen.  <\/p>\t\t\t\t\t\t\t\t<\/div>\n\t\t\t\t<\/div>\n\t\t\t\t\t<\/div>\n\t\t<\/div>\n\t\t\t\t\t<\/div>\n\t\t<\/section>\n\t\t\t\t<section class=\"elementor-section elementor-top-section elementor-element elementor-element-2ceb013a elementor-section-boxed elementor-section-height-default elementor-section-height-default\" data-id=\"2ceb013a\" data-element_type=\"section\" data-e-type=\"section\" data-settings=\"{&quot;background_background&quot;:&quot;classic&quot;}\">\n\t\t\t\t\t\t<div class=\"elementor-container elementor-column-gap-default\">\n\t\t\t\t\t<div class=\"elementor-column elementor-col-50 elementor-top-column elementor-element elementor-element-102cc0a9\" data-id=\"102cc0a9\" data-element_type=\"column\" data-e-type=\"column\" data-settings=\"{&quot;background_background&quot;:&quot;classic&quot;}\">\n\t\t\t<div class=\"elementor-widget-wrap elementor-element-populated\">\n\t\t\t\t\t\t<div class=\"elementor-element elementor-element-322b053f elementor-widget elementor-widget-image\" data-id=\"322b053f\" data-element_type=\"widget\" data-e-type=\"widget\" data-widget_type=\"image.default\">\n\t\t\t\t<div class=\"elementor-widget-container\">\n\t\t\t\t\t\t\t\t\t\t\t\t\t\t\t<img fetchpriority=\"high\" decoding=\"async\" width=\"800\" height=\"730\" src=\"https:\/\/www.itsperfect.io\/wp-content\/uploads\/2025\/10\/pranke_x_ip-1024x935.webp\" class=\"attachment-large size-large wp-image-18409\" alt=\"\" srcset=\"https:\/\/www.itsperfect.io\/wp-content\/uploads\/2025\/10\/pranke_x_ip-1024x935.webp 1024w, https:\/\/www.itsperfect.io\/wp-content\/uploads\/2025\/10\/pranke_x_ip-300x274.webp 300w, https:\/\/www.itsperfect.io\/wp-content\/uploads\/2025\/10\/pranke_x_ip-768x702.webp 768w, https:\/\/www.itsperfect.io\/wp-content\/uploads\/2025\/10\/pranke_x_ip-1536x1403.webp 1536w, https:\/\/www.itsperfect.io\/wp-content\/uploads\/2025\/10\/pranke_x_ip.webp 1594w\" sizes=\"(max-width: 800px) 100vw, 800px\" \/>\t\t\t\t\t\t\t\t\t\t\t\t\t\t\t<\/div>\n\t\t\t\t<\/div>\n\t\t\t\t\t<\/div>\n\t\t<\/div>\n\t\t\t\t<div class=\"elementor-column elementor-col-50 elementor-top-column elementor-element elementor-element-84b3880\" data-id=\"84b3880\" data-element_type=\"column\" data-e-type=\"column\">\n\t\t\t<div class=\"elementor-widget-wrap elementor-element-populated\">\n\t\t\t\t\t\t<div class=\"elementor-element elementor-element-4691453c elementor-widget elementor-widget-heading\" data-id=\"4691453c\" data-element_type=\"widget\" data-e-type=\"widget\" data-widget_type=\"heading.default\">\n\t\t\t\t<div class=\"elementor-widget-container\">\n\t\t\t\t\t<h2 class=\"elementor-heading-title elementor-size-default\">Die Vorteile dieser Verbindung<\/h2>\t\t\t\t<\/div>\n\t\t\t\t<\/div>\n\t\t\t\t<div class=\"elementor-element elementor-element-2e840b24 elementor-position-inline-start elementor-widget__width-initial elementor-view-default elementor-mobile-position-block-start elementor-widget elementor-widget-icon-box\" data-id=\"2e840b24\" data-element_type=\"widget\" data-e-type=\"widget\" data-widget_type=\"icon-box.default\">\n\t\t\t\t<div class=\"elementor-widget-container\">\n\t\t\t\t\t\t\t<div class=\"elementor-icon-box-wrapper\">\n\n\t\t\t\t\t\t<div class=\"elementor-icon-box-icon\">\n\t\t\t\t<span  class=\"elementor-icon\">\n\t\t\t\t<svg xmlns=\"http:\/\/www.w3.org\/2000\/svg\" width=\"32\" height=\"32\" viewBox=\"0 0 32 32\" fill=\"none\"><path d=\"M16 32C24.8366 32 32 24.8366 32 16C32 7.16344 24.8366 0 16 0C7.16344 0 0 7.16344 0 16C0 24.8366 7.16344 32 16 32Z\" fill=\"#3B1B2F\"><\/path><path d=\"M13.8978 20.9998C13.4771 20.9925 13.0764 20.838 12.7819 20.5694L8.45465 16.603C8.15762 16.33 7.99414 15.9628 8.00016 15.5821C8.00618 15.2014 8.18122 14.8385 8.48676 14.5731C8.79231 14.3077 9.20333 14.1617 9.62942 14.1671C10.0555 14.1724 10.4617 14.3288 10.7588 14.6018L13.9701 17.5569L21.34 11.3526C21.653 11.1091 22.0594 10.9834 22.4739 11.0018C22.8884 11.0201 23.2788 11.1812 23.5633 11.4511C23.8478 11.7211 24.0043 12.079 23.9999 12.4497C23.9955 12.8205 23.8306 13.1753 23.5398 13.4398L15.0218 20.6125C14.7176 20.867 14.3145 21.0059 13.8978 20.9998Z\" fill=\"white\"><\/path><\/svg>\t\t\t\t<\/span>\n\t\t\t<\/div>\n\t\t\t\n\t\t\t\t\t\t<div class=\"elementor-icon-box-content\">\n\n\t\t\t\t\t\t\t\t\t<h3 class=\"elementor-icon-box-title\">\n\t\t\t\t\t\t<span  >\n\t\t\t\t\t\t\tDirekt verbunden\t\t\t\t\t\t<\/span>\n\t\t\t\t\t<\/h3>\n\t\t\t\t\n\t\t\t\t\t\t\t\t\t<p class=\"elementor-icon-box-description\">\n\t\t\t\t\t\tKonvertieren Sie ganz einfach alle Ihre ein- und ausgehenden EDI-Nachrichten mit der gebrauchsfertigen Schnittstelle von Pranke f\u00fcr Itsperfect.\t\t\t\t\t<\/p>\n\t\t\t\t\n\t\t\t<\/div>\n\t\t\t\n\t\t<\/div>\n\t\t\t\t\t\t<\/div>\n\t\t\t\t<\/div>\n\t\t\t\t<div class=\"elementor-element elementor-element-588e332f elementor-position-inline-start elementor-widget__width-initial elementor-view-default elementor-mobile-position-block-start elementor-widget elementor-widget-icon-box\" data-id=\"588e332f\" data-element_type=\"widget\" data-e-type=\"widget\" data-widget_type=\"icon-box.default\">\n\t\t\t\t<div class=\"elementor-widget-container\">\n\t\t\t\t\t\t\t<div class=\"elementor-icon-box-wrapper\">\n\n\t\t\t\t\t\t<div class=\"elementor-icon-box-icon\">\n\t\t\t\t<span  class=\"elementor-icon\">\n\t\t\t\t<svg xmlns=\"http:\/\/www.w3.org\/2000\/svg\" width=\"32\" height=\"32\" viewBox=\"0 0 32 32\" fill=\"none\"><path d=\"M16 32C24.8366 32 32 24.8366 32 16C32 7.16344 24.8366 0 16 0C7.16344 0 0 7.16344 0 16C0 24.8366 7.16344 32 16 32Z\" fill=\"#3B1B2F\"><\/path><path d=\"M13.8978 20.9998C13.4771 20.9925 13.0764 20.838 12.7819 20.5694L8.45465 16.603C8.15762 16.33 7.99414 15.9628 8.00016 15.5821C8.00618 15.2014 8.18122 14.8385 8.48676 14.5731C8.79231 14.3077 9.20333 14.1617 9.62942 14.1671C10.0555 14.1724 10.4617 14.3288 10.7588 14.6018L13.9701 17.5569L21.34 11.3526C21.653 11.1091 22.0594 10.9834 22.4739 11.0018C22.8884 11.0201 23.2788 11.1812 23.5633 11.4511C23.8478 11.7211 24.0043 12.079 23.9999 12.4497C23.9955 12.8205 23.8306 13.1753 23.5398 13.4398L15.0218 20.6125C14.7176 20.867 14.3145 21.0059 13.8978 20.9998Z\" fill=\"white\"><\/path><\/svg>\t\t\t\t<\/span>\n\t\t\t<\/div>\n\t\t\t\n\t\t\t\t\t\t<div class=\"elementor-icon-box-content\">\n\n\t\t\t\t\t\t\t\t\t<h3 class=\"elementor-icon-box-title\">\n\t\t\t\t\t\t<span  >\n\t\t\t\t\t\t\tSchnellstart\t\t\t\t\t\t<\/span>\n\t\t\t\t\t<\/h3>\n\t\t\t\t\n\t\t\t\t\t\t\t\t\t<p class=\"elementor-icon-box-description\">\n\t\t\t\t\t\tPranke hat alle Nachrichtentypen, die Sie f\u00fcr den elektronischen Datenaustausch ben\u00f6tigen, bereits konfiguriert.\t\t\t\t\t<\/p>\n\t\t\t\t\n\t\t\t<\/div>\n\t\t\t\n\t\t<\/div>\n\t\t\t\t\t\t<\/div>\n\t\t\t\t<\/div>\n\t\t\t\t<div class=\"elementor-element elementor-element-1d0e385f elementor-position-inline-start elementor-widget__width-initial elementor-view-default elementor-mobile-position-block-start elementor-widget elementor-widget-icon-box\" data-id=\"1d0e385f\" data-element_type=\"widget\" data-e-type=\"widget\" data-widget_type=\"icon-box.default\">\n\t\t\t\t<div class=\"elementor-widget-container\">\n\t\t\t\t\t\t\t<div class=\"elementor-icon-box-wrapper\">\n\n\t\t\t\t\t\t<div class=\"elementor-icon-box-icon\">\n\t\t\t\t<span  class=\"elementor-icon\">\n\t\t\t\t<svg xmlns=\"http:\/\/www.w3.org\/2000\/svg\" width=\"32\" height=\"32\" viewBox=\"0 0 32 32\" fill=\"none\"><path d=\"M16 32C24.8366 32 32 24.8366 32 16C32 7.16344 24.8366 0 16 0C7.16344 0 0 7.16344 0 16C0 24.8366 7.16344 32 16 32Z\" fill=\"#3B1B2F\"><\/path><path d=\"M13.8978 20.9998C13.4771 20.9925 13.0764 20.838 12.7819 20.5694L8.45465 16.603C8.15762 16.33 7.99414 15.9628 8.00016 15.5821C8.00618 15.2014 8.18122 14.8385 8.48676 14.5731C8.79231 14.3077 9.20333 14.1617 9.62942 14.1671C10.0555 14.1724 10.4617 14.3288 10.7588 14.6018L13.9701 17.5569L21.34 11.3526C21.653 11.1091 22.0594 10.9834 22.4739 11.0018C22.8884 11.0201 23.2788 11.1812 23.5633 11.4511C23.8478 11.7211 24.0043 12.079 23.9999 12.4497C23.9955 12.8205 23.8306 13.1753 23.5398 13.4398L15.0218 20.6125C14.7176 20.867 14.3145 21.0059 13.8978 20.9998Z\" fill=\"white\"><\/path><\/svg>\t\t\t\t<\/span>\n\t\t\t<\/div>\n\t\t\t\n\t\t\t\t\t\t<div class=\"elementor-icon-box-content\">\n\n\t\t\t\t\t\t\t\t\t<h3 class=\"elementor-icon-box-title\">\n\t\t\t\t\t\t<span  >\n\t\t\t\t\t\t\tEffizienz\t\t\t\t\t\t<\/span>\n\t\t\t\t\t<\/h3>\n\t\t\t\t\n\t\t\t\t\t\t\t\t\t<p class=\"elementor-icon-box-description\">\n\t\t\t\t\t\tVerringern Sie Fehler bei der manuellen Dateneingabe und beschleunigen Sie die Auftragsabwicklung und Lieferungen.\t\t\t\t\t<\/p>\n\t\t\t\t\n\t\t\t<\/div>\n\t\t\t\n\t\t<\/div>\n\t\t\t\t\t\t<\/div>\n\t\t\t\t<\/div>\n\t\t\t\t<div class=\"elementor-element elementor-element-7cd34982 elementor-position-inline-start elementor-widget__width-initial elementor-view-default elementor-mobile-position-block-start elementor-widget elementor-widget-icon-box\" data-id=\"7cd34982\" data-element_type=\"widget\" data-e-type=\"widget\" data-widget_type=\"icon-box.default\">\n\t\t\t\t<div class=\"elementor-widget-container\">\n\t\t\t\t\t\t\t<div class=\"elementor-icon-box-wrapper\">\n\n\t\t\t\t\t\t<div class=\"elementor-icon-box-icon\">\n\t\t\t\t<span  class=\"elementor-icon\">\n\t\t\t\t<svg xmlns=\"http:\/\/www.w3.org\/2000\/svg\" width=\"32\" height=\"32\" viewBox=\"0 0 32 32\" fill=\"none\"><path d=\"M16 32C24.8366 32 32 24.8366 32 16C32 7.16344 24.8366 0 16 0C7.16344 0 0 7.16344 0 16C0 24.8366 7.16344 32 16 32Z\" fill=\"#3B1B2F\"><\/path><path d=\"M13.8978 20.9998C13.4771 20.9925 13.0764 20.838 12.7819 20.5694L8.45465 16.603C8.15762 16.33 7.99414 15.9628 8.00016 15.5821C8.00618 15.2014 8.18122 14.8385 8.48676 14.5731C8.79231 14.3077 9.20333 14.1617 9.62942 14.1671C10.0555 14.1724 10.4617 14.3288 10.7588 14.6018L13.9701 17.5569L21.34 11.3526C21.653 11.1091 22.0594 10.9834 22.4739 11.0018C22.8884 11.0201 23.2788 11.1812 23.5633 11.4511C23.8478 11.7211 24.0043 12.079 23.9999 12.4497C23.9955 12.8205 23.8306 13.1753 23.5398 13.4398L15.0218 20.6125C14.7176 20.867 14.3145 21.0059 13.8978 20.9998Z\" fill=\"white\"><\/path><\/svg>\t\t\t\t<\/span>\n\t\t\t<\/div>\n\t\t\t\n\t\t\t\t\t\t<div class=\"elementor-icon-box-content\">\n\n\t\t\t\t\t\t\t\t\t<h3 class=\"elementor-icon-box-title\">\n\t\t\t\t\t\t<span  >\n\t\t\t\t\t\t\tLeicht skalierbar\t\t\t\t\t\t<\/span>\n\t\t\t\t\t<\/h3>\n\t\t\t\t\n\t\t\t\t\t\t\t\t\t<p class=\"elementor-icon-box-description\">\n\t\t\t\t\t\tF\u00fcgen Sie so viele Handelspartner hinzu, wie Sie m\u00f6chten. Dank des seit langem etablierten WWS-Profils von Pranke ist das Hinzuf\u00fcgen von Partnern zu 95% einfach und schnell. \t\t\t\t\t<\/p>\n\t\t\t\t\n\t\t\t<\/div>\n\t\t\t\n\t\t<\/div>\n\t\t\t\t\t\t<\/div>\n\t\t\t\t<\/div>\n\t\t\t\t\t<\/div>\n\t\t<\/div>\n\t\t\t\t\t<\/div>\n\t\t<\/section>\n\t\t\t\t<section class=\"elementor-section elementor-top-section elementor-element elementor-element-b9f1220 elementor-section-boxed elementor-section-height-default elementor-section-height-default\" data-id=\"b9f1220\" data-element_type=\"section\" data-e-type=\"section\" data-settings=\"{&quot;background_background&quot;:&quot;classic&quot;}\">\n\t\t\t\t\t\t<div class=\"elementor-container elementor-column-gap-default\">\n\t\t\t\t\t<div class=\"elementor-column elementor-col-50 elementor-top-column elementor-element elementor-element-bff5641\" data-id=\"bff5641\" data-element_type=\"column\" data-e-type=\"column\">\n\t\t\t<div class=\"elementor-widget-wrap elementor-element-populated\">\n\t\t\t\t\t\t<div class=\"elementor-element elementor-element-c1fdf76 elementor-position-inline-start elementor-widget__width-initial elementor-view-default elementor-mobile-position-block-start elementor-widget elementor-widget-icon-box\" data-id=\"c1fdf76\" data-element_type=\"widget\" data-e-type=\"widget\" data-widget_type=\"icon-box.default\">\n\t\t\t\t<div class=\"elementor-widget-container\">\n\t\t\t\t\t\t\t<div class=\"elementor-icon-box-wrapper\">\n\n\t\t\t\t\t\t<div class=\"elementor-icon-box-icon\">\n\t\t\t\t<span  class=\"elementor-icon\">\n\t\t\t\t<svg xmlns=\"http:\/\/www.w3.org\/2000\/svg\" width=\"32\" height=\"32\" viewBox=\"0 0 32 32\" fill=\"none\"><path d=\"M16 32C24.8366 32 32 24.8366 32 16C32 7.16344 24.8366 0 16 0C7.16344 0 0 7.16344 0 16C0 24.8366 7.16344 32 16 32Z\" fill=\"#3B1B2F\"><\/path><path d=\"M13.8978 20.9998C13.4771 20.9925 13.0764 20.838 12.7819 20.5694L8.45465 16.603C8.15762 16.33 7.99414 15.9628 8.00016 15.5821C8.00618 15.2014 8.18122 14.8385 8.48676 14.5731C8.79231 14.3077 9.20333 14.1617 9.62942 14.1671C10.0555 14.1724 10.4617 14.3288 10.7588 14.6018L13.9701 17.5569L21.34 11.3526C21.653 11.1091 22.0594 10.9834 22.4739 11.0018C22.8884 11.0201 23.2788 11.1812 23.5633 11.4511C23.8478 11.7211 24.0043 12.079 23.9999 12.4497C23.9955 12.8205 23.8306 13.1753 23.5398 13.4398L15.0218 20.6125C14.7176 20.867 14.3145 21.0059 13.8978 20.9998Z\" fill=\"white\"><\/path><\/svg>\t\t\t\t<\/span>\n\t\t\t<\/div>\n\t\t\t\n\t\t\t\t\t\t<div class=\"elementor-icon-box-content\">\n\n\t\t\t\t\t\t\t\t\t<h3 class=\"elementor-icon-box-title\">\n\t\t\t\t\t\t<span  >\n\t\t\t\t\t\t\tZuverl\u00e4ssiger Datenfluss\t\t\t\t\t\t<\/span>\n\t\t\t\t\t<\/h3>\n\t\t\t\t\n\t\t\t\t\t\t\t\t\t<p class=\"elementor-icon-box-description\">\n\t\t\t\t\t\tDie konvertierten Daten laufen \u00fcber Prankes eigene eGate-Plattform zu jedem Partner. Und andersherum.   \t\t\t\t\t<\/p>\n\t\t\t\t\n\t\t\t<\/div>\n\t\t\t\n\t\t<\/div>\n\t\t\t\t\t\t<\/div>\n\t\t\t\t<\/div>\n\t\t\t\t<div class=\"elementor-element elementor-element-6becbac elementor-position-inline-start elementor-widget__width-initial elementor-view-default elementor-mobile-position-block-start elementor-widget elementor-widget-icon-box\" data-id=\"6becbac\" data-element_type=\"widget\" data-e-type=\"widget\" data-widget_type=\"icon-box.default\">\n\t\t\t\t<div class=\"elementor-widget-container\">\n\t\t\t\t\t\t\t<div class=\"elementor-icon-box-wrapper\">\n\n\t\t\t\t\t\t<div class=\"elementor-icon-box-icon\">\n\t\t\t\t<span  class=\"elementor-icon\">\n\t\t\t\t<svg xmlns=\"http:\/\/www.w3.org\/2000\/svg\" width=\"32\" height=\"32\" viewBox=\"0 0 32 32\" fill=\"none\"><path d=\"M16 32C24.8366 32 32 24.8366 32 16C32 7.16344 24.8366 0 16 0C7.16344 0 0 7.16344 0 16C0 24.8366 7.16344 32 16 32Z\" fill=\"#3B1B2F\"><\/path><path d=\"M13.8978 20.9998C13.4771 20.9925 13.0764 20.838 12.7819 20.5694L8.45465 16.603C8.15762 16.33 7.99414 15.9628 8.00016 15.5821C8.00618 15.2014 8.18122 14.8385 8.48676 14.5731C8.79231 14.3077 9.20333 14.1617 9.62942 14.1671C10.0555 14.1724 10.4617 14.3288 10.7588 14.6018L13.9701 17.5569L21.34 11.3526C21.653 11.1091 22.0594 10.9834 22.4739 11.0018C22.8884 11.0201 23.2788 11.1812 23.5633 11.4511C23.8478 11.7211 24.0043 12.079 23.9999 12.4497C23.9955 12.8205 23.8306 13.1753 23.5398 13.4398L15.0218 20.6125C14.7176 20.867 14.3145 21.0059 13.8978 20.9998Z\" fill=\"white\"><\/path><\/svg>\t\t\t\t<\/span>\n\t\t\t<\/div>\n\t\t\t\n\t\t\t\t\t\t<div class=\"elementor-icon-box-content\">\n\n\t\t\t\t\t\t\t\t\t<h3 class=\"elementor-icon-box-title\">\n\t\t\t\t\t\t<span  >\n\t\t\t\t\t\t\tSicher\t\t\t\t\t\t<\/span>\n\t\t\t\t\t<\/h3>\n\t\t\t\t\n\t\t\t\t\t\t\t\t\t<p class=\"elementor-icon-box-description\">\n\t\t\t\t\t\tF\u00fcr die Konvertierung Ihrer EDI-Daten wird die seit langem bew\u00e4hrte eBiss-Software verwendet. eBiss-Systeme werden in Deutschland gehostet. \t\t\t\t\t<\/p>\n\t\t\t\t\n\t\t\t<\/div>\n\t\t\t\n\t\t<\/div>\n\t\t\t\t\t\t<\/div>\n\t\t\t\t<\/div>\n\t\t\t\t<div class=\"elementor-element elementor-element-f94f00a elementor-position-inline-start elementor-widget__width-initial elementor-view-default elementor-mobile-position-block-start elementor-widget elementor-widget-icon-box\" data-id=\"f94f00a\" data-element_type=\"widget\" data-e-type=\"widget\" data-widget_type=\"icon-box.default\">\n\t\t\t\t<div class=\"elementor-widget-container\">\n\t\t\t\t\t\t\t<div class=\"elementor-icon-box-wrapper\">\n\n\t\t\t\t\t\t<div class=\"elementor-icon-box-icon\">\n\t\t\t\t<span  class=\"elementor-icon\">\n\t\t\t\t<svg xmlns=\"http:\/\/www.w3.org\/2000\/svg\" width=\"32\" height=\"32\" viewBox=\"0 0 32 32\" fill=\"none\"><path d=\"M16 32C24.8366 32 32 24.8366 32 16C32 7.16344 24.8366 0 16 0C7.16344 0 0 7.16344 0 16C0 24.8366 7.16344 32 16 32Z\" fill=\"#3B1B2F\"><\/path><path d=\"M13.8978 20.9998C13.4771 20.9925 13.0764 20.838 12.7819 20.5694L8.45465 16.603C8.15762 16.33 7.99414 15.9628 8.00016 15.5821C8.00618 15.2014 8.18122 14.8385 8.48676 14.5731C8.79231 14.3077 9.20333 14.1617 9.62942 14.1671C10.0555 14.1724 10.4617 14.3288 10.7588 14.6018L13.9701 17.5569L21.34 11.3526C21.653 11.1091 22.0594 10.9834 22.4739 11.0018C22.8884 11.0201 23.2788 11.1812 23.5633 11.4511C23.8478 11.7211 24.0043 12.079 23.9999 12.4497C23.9955 12.8205 23.8306 13.1753 23.5398 13.4398L15.0218 20.6125C14.7176 20.867 14.3145 21.0059 13.8978 20.9998Z\" fill=\"white\"><\/path><\/svg>\t\t\t\t<\/span>\n\t\t\t<\/div>\n\t\t\t\n\t\t\t\t\t\t<div class=\"elementor-icon-box-content\">\n\n\t\t\t\t\t\t\t\t\t<h3 class=\"elementor-icon-box-title\">\n\t\t\t\t\t\t<span  >\n\t\t\t\t\t\t\tKosteneinsparung\t\t\t\t\t\t<\/span>\n\t\t\t\t\t<\/h3>\n\t\t\t\t\n\t\t\t\t\t\t\t\t\t<p class=\"elementor-icon-box-description\">\n\t\t\t\t\t\tWeniger Verwaltungsaufwand, reibungslosere Lieferkette.\t\t\t\t\t<\/p>\n\t\t\t\t\n\t\t\t<\/div>\n\t\t\t\n\t\t<\/div>\n\t\t\t\t\t\t<\/div>\n\t\t\t\t<\/div>\n\t\t\t\t\t<\/div>\n\t\t<\/div>\n\t\t\t\t<div class=\"elementor-column elementor-col-50 elementor-top-column elementor-element elementor-element-f540398\" data-id=\"f540398\" data-element_type=\"column\" data-e-type=\"column\" data-settings=\"{&quot;background_background&quot;:&quot;classic&quot;}\">\n\t\t\t<div class=\"elementor-widget-wrap elementor-element-populated\">\n\t\t\t\t\t\t<div class=\"elementor-element elementor-element-e1d053b elementor-widget elementor-widget-image\" data-id=\"e1d053b\" data-element_type=\"widget\" data-e-type=\"widget\" data-widget_type=\"image.default\">\n\t\t\t\t<div class=\"elementor-widget-container\">\n\t\t\t\t\t\t\t\t\t\t\t\t\t\t\t<img decoding=\"async\" width=\"800\" height=\"730\" src=\"https:\/\/www.itsperfect.io\/wp-content\/uploads\/2026\/03\/pranke_x_ip_image_2_updated-1024x935.webp\" class=\"attachment-large size-large wp-image-19510\" alt=\"\" srcset=\"https:\/\/www.itsperfect.io\/wp-content\/uploads\/2026\/03\/pranke_x_ip_image_2_updated-1024x935.webp 1024w, https:\/\/www.itsperfect.io\/wp-content\/uploads\/2026\/03\/pranke_x_ip_image_2_updated-300x274.webp 300w, https:\/\/www.itsperfect.io\/wp-content\/uploads\/2026\/03\/pranke_x_ip_image_2_updated-768x702.webp 768w, https:\/\/www.itsperfect.io\/wp-content\/uploads\/2026\/03\/pranke_x_ip_image_2_updated-1536x1403.webp 1536w, https:\/\/www.itsperfect.io\/wp-content\/uploads\/2026\/03\/pranke_x_ip_image_2_updated.webp 1594w\" sizes=\"(max-width: 800px) 100vw, 800px\" \/>\t\t\t\t\t\t\t\t\t\t\t\t\t\t\t<\/div>\n\t\t\t\t<\/div>\n\t\t\t\t\t<\/div>\n\t\t<\/div>\n\t\t\t\t\t<\/div>\n\t\t<\/section>\n\t\t\t\t<section class=\"elementor-section elementor-top-section elementor-element elementor-element-607decbc elementor-section-boxed elementor-section-height-default elementor-section-height-default\" data-id=\"607decbc\" data-element_type=\"section\" data-e-type=\"section\" data-settings=\"{&quot;background_background&quot;:&quot;classic&quot;}\">\n\t\t\t\t\t\t<div class=\"elementor-container elementor-column-gap-default\">\n\t\t\t\t\t<div class=\"elementor-column elementor-col-100 elementor-top-column elementor-element elementor-element-6989042e\" data-id=\"6989042e\" data-element_type=\"column\" data-e-type=\"column\">\n\t\t\t<div class=\"elementor-widget-wrap elementor-element-populated\">\n\t\t\t\t\t\t<div class=\"elementor-element elementor-element-18f84af2 elementor-widget elementor-widget-text-editor\" data-id=\"18f84af2\" data-element_type=\"widget\" data-e-type=\"widget\" data-widget_type=\"text-editor.default\">\n\t\t\t\t<div class=\"elementor-widget-container\">\n\t\t\t\t\t\t\t\t\t<p><strong>Diese Integration wurde von Pranke entwickelt<\/strong><\/p>\n<p><span style=\"font-weight: 400;\">Bitte kontaktieren Sie uns unter <a href=\"tel:0031850160175\">+31 85 016 0175<\/a> oder <a href=\"mailto:sales@itsperfect.io\">sales@itsperfect.io<\/a> f\u00fcr weitere Informationen \u00fcber diese Integration.<\/span><\/p>\n<p>Sie sind bereits Itsperfect-Benutzer? Sie finden die Integration mit Pranke in unserem App Store oder kontaktieren Sie unser Support-Team f\u00fcr weitere Informationen. <\/p>\t\t\t\t\t\t\t\t<\/div>\n\t\t\t\t<\/div>\n\t\t\t\t\t<\/div>\n\t\t<\/div>\n\t\t\t\t\t<\/div>\n\t\t<\/section>\n\t\t\t\t<\/div>\n\t\t","protected":false},"excerpt":{"rendered":"<p>Pranke x Itsperfect Integration Verbinden Sie Itsperfect mit dem Managed EDI Service von Pranke f\u00fcr den elektronischen Datenaustausch Dank der nahtlosen Integration von Itsperfect und Pranke k\u00f6nnen Modemarken m\u00fchelos \u00fcber EDI (Electronic Data Interchange) mit Einzelh\u00e4ndlern in Verbindung treten. Bestellungen, Rechnungen und Versanddetails flie\u00dfen automatisch zwischen den Systemen &#8211; ohne manuelle Arbeit. Pranke fungiert als [&hellip;]<\/p>\n","protected":false},"author":4,"featured_media":18451,"parent":8110,"menu_order":0,"comment_status":"closed","ping_status":"closed","template":"","meta":{"_acf_changed":false,"footnotes":""},"class_list":["post-18531","page","type-page","status-publish","has-post-thumbnail","hentry"],"acf":[],"_links":{"self":[{"href":"https:\/\/www.itsperfect.io\/de\/wp-json\/wp\/v2\/pages\/18531","targetHints":{"allow":["GET"]}}],"collection":[{"href":"https:\/\/www.itsperfect.io\/de\/wp-json\/wp\/v2\/pages"}],"about":[{"href":"https:\/\/www.itsperfect.io\/de\/wp-json\/wp\/v2\/types\/page"}],"author":[{"embeddable":true,"href":"https:\/\/www.itsperfect.io\/de\/wp-json\/wp\/v2\/users\/4"}],"replies":[{"embeddable":true,"href":"https:\/\/www.itsperfect.io\/de\/wp-json\/wp\/v2\/comments?post=18531"}],"version-history":[{"count":0,"href":"https:\/\/www.itsperfect.io\/de\/wp-json\/wp\/v2\/pages\/18531\/revisions"}],"up":[{"embeddable":true,"href":"https:\/\/www.itsperfect.io\/de\/wp-json\/wp\/v2\/pages\/8110"}],"wp:featuredmedia":[{"embeddable":true,"href":"https:\/\/www.itsperfect.io\/de\/wp-json\/wp\/v2\/media\/18451"}],"wp:attachment":[{"href":"https:\/\/www.itsperfect.io\/de\/wp-json\/wp\/v2\/media?parent=18531"}],"curies":[{"name":"wp","href":"https:\/\/api.w.org\/{rel}","templated":true}]}}