{"id":12760,"date":"2024-06-10T13:21:23","date_gmt":"2024-06-10T13:21:23","guid":{"rendered":"https:\/\/www.itsperfect.io\/integrations\/itsperfect-sendcloud-integration\/"},"modified":"2024-06-14T15:17:42","modified_gmt":"2024-06-14T15:17:42","slug":"itsperfect-sendcloud-integration","status":"publish","type":"page","link":"https:\/\/www.itsperfect.io\/de\/integrations\/itsperfect-sendcloud-integration\/","title":{"rendered":"Sendcloud x Itsperfect Integration"},"content":{"rendered":"\t\t<div data-elementor-type=\"wp-page\" data-elementor-id=\"12760\" class=\"elementor elementor-12760 elementor-12561\" data-elementor-post-type=\"page\">\n\t\t\t\t\t\t<section class=\"elementor-section elementor-top-section elementor-element elementor-element-5d2133dc elementor-section-boxed elementor-section-height-default elementor-section-height-default\" data-id=\"5d2133dc\" data-element_type=\"section\" data-e-type=\"section\" data-settings=\"{&quot;background_background&quot;:&quot;classic&quot;}\">\n\t\t\t\t\t\t\t<div class=\"elementor-background-overlay\"><\/div>\n\t\t\t\t\t\t\t<div class=\"elementor-container elementor-column-gap-default\">\n\t\t\t\t\t<div class=\"elementor-column elementor-col-100 elementor-top-column elementor-element elementor-element-3d533e0d\" data-id=\"3d533e0d\" data-element_type=\"column\" data-e-type=\"column\">\n\t\t\t<div class=\"elementor-widget-wrap elementor-element-populated\">\n\t\t\t\t\t\t<div class=\"elementor-element elementor-element-565ade24 elementor-widget elementor-widget-image\" data-id=\"565ade24\" data-element_type=\"widget\" data-e-type=\"widget\" data-widget_type=\"image.default\">\n\t\t\t\t<div class=\"elementor-widget-container\">\n\t\t\t\t\t\t\t\t\t\t\t\t\t\t\t<img decoding=\"async\" width=\"150\" height=\"150\" src=\"https:\/\/www.itsperfect.io\/wp-content\/uploads\/2023\/04\/Logo_Sendcloud_itsperfect-integration_square-150x150.png\" class=\"attachment-thumbnail size-thumbnail wp-image-7856\" alt=\"\" srcset=\"https:\/\/www.itsperfect.io\/wp-content\/uploads\/2023\/04\/Logo_Sendcloud_itsperfect-integration_square-150x150.png 150w, https:\/\/www.itsperfect.io\/wp-content\/uploads\/2023\/04\/Logo_Sendcloud_itsperfect-integration_square-300x300.png 300w, https:\/\/www.itsperfect.io\/wp-content\/uploads\/2023\/04\/Logo_Sendcloud_itsperfect-integration_square-1024x1024.png 1024w, https:\/\/www.itsperfect.io\/wp-content\/uploads\/2023\/04\/Logo_Sendcloud_itsperfect-integration_square-768x768.png 768w, https:\/\/www.itsperfect.io\/wp-content\/uploads\/2023\/04\/Logo_Sendcloud_itsperfect-integration_square.png 1200w\" sizes=\"(max-width: 150px) 100vw, 150px\" \/>\t\t\t\t\t\t\t\t\t\t\t\t\t\t\t<\/div>\n\t\t\t\t<\/div>\n\t\t\t\t<div class=\"elementor-element elementor-element-5681da7b elementor-widget elementor-widget-heading\" data-id=\"5681da7b\" data-element_type=\"widget\" data-e-type=\"widget\" data-widget_type=\"heading.default\">\n\t\t\t\t<div class=\"elementor-widget-container\">\n\t\t\t\t\t<h1 class=\"elementor-heading-title elementor-size-default\">Sendcloud x Itsperfect Integration<\/h1>\t\t\t\t<\/div>\n\t\t\t\t<\/div>\n\t\t\t\t\t<\/div>\n\t\t<\/div>\n\t\t\t\t\t<\/div>\n\t\t<\/section>\n\t\t\t\t<section class=\"elementor-section elementor-top-section elementor-element elementor-element-49d0f8e0 elementor-section-boxed elementor-section-height-default elementor-section-height-default\" data-id=\"49d0f8e0\" data-element_type=\"section\" data-e-type=\"section\" data-settings=\"{&quot;background_background&quot;:&quot;classic&quot;}\">\n\t\t\t\t\t\t<div class=\"elementor-container elementor-column-gap-default\">\n\t\t\t\t\t<div class=\"elementor-column elementor-col-100 elementor-top-column elementor-element elementor-element-74a1b750\" data-id=\"74a1b750\" data-element_type=\"column\" data-e-type=\"column\">\n\t\t\t<div class=\"elementor-widget-wrap elementor-element-populated\">\n\t\t\t\t\t\t<div class=\"elementor-element elementor-element-ba02be1 elementor-widget elementor-widget-text-editor\" data-id=\"ba02be1\" data-element_type=\"widget\" data-e-type=\"widget\" data-widget_type=\"text-editor.default\">\n\t\t\t\t<div class=\"elementor-widget-container\">\n\t\t\t\t\t\t\t\t\t<p><strong>Verkn\u00fcpfen Sie Itsperfect mit Sendcloud, um Ihren bevorzugten Versanddienstleister zu w\u00e4hlen und von den vielen Vorteilen dieser Versandplattform profitieren zu k\u00f6nnen. <\/strong><\/p>\n<p>Mit unserer <a href=\"https:\/\/app-store.sendcloud.com\/itsperfect\" target=\"_blank\" rel=\"noopener\">Sendcloud<\/a>-Integration k\u00f6nnen Sie ganz einfach B2B- und B2C-Versandetiketten erstellen, Versandetiketten im Point of Sale (POS) von Itsperfect aktivieren, um Artikel aus dem Ladengesch\u00e4ft zu versenden, und eine Verbindung zu unseren integrierten Logistikl\u00f6sungen wie Scan Outbound und der Warehouse Management L\u00f6sung (WMS) herzustellen.<\/p>\n\t\t\t\t\t\t\t\t<\/div>\n\t\t\t\t<\/div>\n\t\t\t\t\t<\/div>\n\t\t<\/div>\n\t\t\t\t\t<\/div>\n\t\t<\/section>\n\t\t\t\t<section class=\"elementor-section elementor-top-section elementor-element elementor-element-696f8c40 elementor-section-boxed elementor-section-height-default elementor-section-height-default\" data-id=\"696f8c40\" data-element_type=\"section\" data-e-type=\"section\" data-settings=\"{&quot;background_background&quot;:&quot;classic&quot;}\">\n\t\t\t\t\t\t<div class=\"elementor-container elementor-column-gap-default\">\n\t\t\t\t\t<div class=\"elementor-column elementor-col-50 elementor-top-column elementor-element elementor-element-662c44b9\" data-id=\"662c44b9\" data-element_type=\"column\" data-e-type=\"column\" data-settings=\"{&quot;background_background&quot;:&quot;classic&quot;}\">\n\t\t\t<div class=\"elementor-widget-wrap elementor-element-populated\">\n\t\t\t\t\t\t<div class=\"elementor-element elementor-element-7ff8329 elementor-widget elementor-widget-image\" data-id=\"7ff8329\" data-element_type=\"widget\" data-e-type=\"widget\" data-widget_type=\"image.default\">\n\t\t\t\t<div class=\"elementor-widget-container\">\n\t\t\t\t\t\t\t\t\t\t\t\t\t\t\t<img fetchpriority=\"high\" decoding=\"async\" width=\"800\" height=\"516\" src=\"https:\/\/www.itsperfect.io\/wp-content\/uploads\/2024\/06\/Itsperfect-Partner-Template-Rectangle-Horizontal-1024x661.png\" class=\"attachment-large size-large wp-image-12464\" alt=\"\" srcset=\"https:\/\/www.itsperfect.io\/wp-content\/uploads\/2024\/06\/Itsperfect-Partner-Template-Rectangle-Horizontal-1024x661.png 1024w, https:\/\/www.itsperfect.io\/wp-content\/uploads\/2024\/06\/Itsperfect-Partner-Template-Rectangle-Horizontal-300x194.png 300w, https:\/\/www.itsperfect.io\/wp-content\/uploads\/2024\/06\/Itsperfect-Partner-Template-Rectangle-Horizontal-768x496.png 768w, https:\/\/www.itsperfect.io\/wp-content\/uploads\/2024\/06\/Itsperfect-Partner-Template-Rectangle-Horizontal-1536x992.png 1536w, https:\/\/www.itsperfect.io\/wp-content\/uploads\/2024\/06\/Itsperfect-Partner-Template-Rectangle-Horizontal.png 1563w\" sizes=\"(max-width: 800px) 100vw, 800px\" \/>\t\t\t\t\t\t\t\t\t\t\t\t\t\t\t<\/div>\n\t\t\t\t<\/div>\n\t\t\t\t\t<\/div>\n\t\t<\/div>\n\t\t\t\t<div class=\"elementor-column elementor-col-50 elementor-top-column elementor-element elementor-element-c3fdb76\" data-id=\"c3fdb76\" data-element_type=\"column\" data-e-type=\"column\">\n\t\t\t<div class=\"elementor-widget-wrap elementor-element-populated\">\n\t\t\t\t\t\t<div class=\"elementor-element elementor-element-242d8b3a elementor-widget elementor-widget-heading\" data-id=\"242d8b3a\" data-element_type=\"widget\" data-e-type=\"widget\" data-widget_type=\"heading.default\">\n\t\t\t\t<div class=\"elementor-widget-container\">\n\t\t\t\t\t<h2 class=\"elementor-heading-title elementor-size-default\">Was k\u00f6nnen Sie mit dieser Integration erreichen?<\/h2>\t\t\t\t<\/div>\n\t\t\t\t<\/div>\n\t\t\t\t<div class=\"elementor-element elementor-element-4c1aaf03 elementor-position-inline-start elementor-widget__width-initial elementor-view-default elementor-mobile-position-block-start elementor-widget elementor-widget-icon-box\" data-id=\"4c1aaf03\" data-element_type=\"widget\" data-e-type=\"widget\" data-widget_type=\"icon-box.default\">\n\t\t\t\t<div class=\"elementor-widget-container\">\n\t\t\t\t\t\t\t<div class=\"elementor-icon-box-wrapper\">\n\n\t\t\t\t\t\t<div class=\"elementor-icon-box-icon\">\n\t\t\t\t<span  class=\"elementor-icon\">\n\t\t\t\t<svg xmlns=\"http:\/\/www.w3.org\/2000\/svg\" width=\"32\" height=\"32\" viewBox=\"0 0 32 32\" fill=\"none\"><path d=\"M16 32C24.8366 32 32 24.8366 32 16C32 7.16344 24.8366 0 16 0C7.16344 0 0 7.16344 0 16C0 24.8366 7.16344 32 16 32Z\" fill=\"#3B1B2F\"><\/path><path d=\"M13.8978 20.9998C13.4771 20.9925 13.0764 20.838 12.7819 20.5694L8.45465 16.603C8.15762 16.33 7.99414 15.9628 8.00016 15.5821C8.00618 15.2014 8.18122 14.8385 8.48676 14.5731C8.79231 14.3077 9.20333 14.1617 9.62942 14.1671C10.0555 14.1724 10.4617 14.3288 10.7588 14.6018L13.9701 17.5569L21.34 11.3526C21.653 11.1091 22.0594 10.9834 22.4739 11.0018C22.8884 11.0201 23.2788 11.1812 23.5633 11.4511C23.8478 11.7211 24.0043 12.079 23.9999 12.4497C23.9955 12.8205 23.8306 13.1753 23.5398 13.4398L15.0218 20.6125C14.7176 20.867 14.3145 21.0059 13.8978 20.9998Z\" fill=\"white\"><\/path><\/svg>\t\t\t\t<\/span>\n\t\t\t<\/div>\n\t\t\t\n\t\t\t\t\t\t<div class=\"elementor-icon-box-content\">\n\n\t\t\t\t\t\t\t\t\t<h3 class=\"elementor-icon-box-title\">\n\t\t\t\t\t\t<span  >\n\t\t\t\t\t\t\tVersandetiketten f\u00fcr mehrere Spediteure generieren\t\t\t\t\t\t<\/span>\n\t\t\t\t\t<\/h3>\n\t\t\t\t\n\t\t\t\t\n\t\t\t<\/div>\n\t\t\t\n\t\t<\/div>\n\t\t\t\t\t\t<\/div>\n\t\t\t\t<\/div>\n\t\t\t\t<div class=\"elementor-element elementor-element-1cf3adba elementor-position-inline-start elementor-widget__width-initial elementor-view-default elementor-mobile-position-block-start elementor-widget elementor-widget-icon-box\" data-id=\"1cf3adba\" data-element_type=\"widget\" data-e-type=\"widget\" data-widget_type=\"icon-box.default\">\n\t\t\t\t<div class=\"elementor-widget-container\">\n\t\t\t\t\t\t\t<div class=\"elementor-icon-box-wrapper\">\n\n\t\t\t\t\t\t<div class=\"elementor-icon-box-icon\">\n\t\t\t\t<span  class=\"elementor-icon\">\n\t\t\t\t<svg xmlns=\"http:\/\/www.w3.org\/2000\/svg\" width=\"32\" height=\"32\" viewBox=\"0 0 32 32\" fill=\"none\"><path d=\"M16 32C24.8366 32 32 24.8366 32 16C32 7.16344 24.8366 0 16 0C7.16344 0 0 7.16344 0 16C0 24.8366 7.16344 32 16 32Z\" fill=\"#3B1B2F\"><\/path><path d=\"M13.8978 20.9998C13.4771 20.9925 13.0764 20.838 12.7819 20.5694L8.45465 16.603C8.15762 16.33 7.99414 15.9628 8.00016 15.5821C8.00618 15.2014 8.18122 14.8385 8.48676 14.5731C8.79231 14.3077 9.20333 14.1617 9.62942 14.1671C10.0555 14.1724 10.4617 14.3288 10.7588 14.6018L13.9701 17.5569L21.34 11.3526C21.653 11.1091 22.0594 10.9834 22.4739 11.0018C22.8884 11.0201 23.2788 11.1812 23.5633 11.4511C23.8478 11.7211 24.0043 12.079 23.9999 12.4497C23.9955 12.8205 23.8306 13.1753 23.5398 13.4398L15.0218 20.6125C14.7176 20.867 14.3145 21.0059 13.8978 20.9998Z\" fill=\"white\"><\/path><\/svg>\t\t\t\t<\/span>\n\t\t\t<\/div>\n\t\t\t\n\t\t\t\t\t\t<div class=\"elementor-icon-box-content\">\n\n\t\t\t\t\t\t\t\t\t<h3 class=\"elementor-icon-box-title\">\n\t\t\t\t\t\t<span  >\n\t\t\t\t\t\t\tVersandpartner nach Kundentyp (B2B und B2C) definieren\t\t\t\t\t\t<\/span>\n\t\t\t\t\t<\/h3>\n\t\t\t\t\n\t\t\t\t\n\t\t\t<\/div>\n\t\t\t\n\t\t<\/div>\n\t\t\t\t\t\t<\/div>\n\t\t\t\t<\/div>\n\t\t\t\t<div class=\"elementor-element elementor-element-4eb24b8b elementor-position-inline-start elementor-widget__width-initial elementor-view-default elementor-mobile-position-block-start elementor-widget elementor-widget-icon-box\" data-id=\"4eb24b8b\" data-element_type=\"widget\" data-e-type=\"widget\" data-widget_type=\"icon-box.default\">\n\t\t\t\t<div class=\"elementor-widget-container\">\n\t\t\t\t\t\t\t<div class=\"elementor-icon-box-wrapper\">\n\n\t\t\t\t\t\t<div class=\"elementor-icon-box-icon\">\n\t\t\t\t<span  class=\"elementor-icon\">\n\t\t\t\t<svg xmlns=\"http:\/\/www.w3.org\/2000\/svg\" width=\"32\" height=\"32\" viewBox=\"0 0 32 32\" fill=\"none\"><path d=\"M16 32C24.8366 32 32 24.8366 32 16C32 7.16344 24.8366 0 16 0C7.16344 0 0 7.16344 0 16C0 24.8366 7.16344 32 16 32Z\" fill=\"#3B1B2F\"><\/path><path d=\"M13.8978 20.9998C13.4771 20.9925 13.0764 20.838 12.7819 20.5694L8.45465 16.603C8.15762 16.33 7.99414 15.9628 8.00016 15.5821C8.00618 15.2014 8.18122 14.8385 8.48676 14.5731C8.79231 14.3077 9.20333 14.1617 9.62942 14.1671C10.0555 14.1724 10.4617 14.3288 10.7588 14.6018L13.9701 17.5569L21.34 11.3526C21.653 11.1091 22.0594 10.9834 22.4739 11.0018C22.8884 11.0201 23.2788 11.1812 23.5633 11.4511C23.8478 11.7211 24.0043 12.079 23.9999 12.4497C23.9955 12.8205 23.8306 13.1753 23.5398 13.4398L15.0218 20.6125C14.7176 20.867 14.3145 21.0059 13.8978 20.9998Z\" fill=\"white\"><\/path><\/svg>\t\t\t\t<\/span>\n\t\t\t<\/div>\n\t\t\t\n\t\t\t\t\t\t<div class=\"elementor-icon-box-content\">\n\n\t\t\t\t\t\t\t\t\t<h3 class=\"elementor-icon-box-title\">\n\t\t\t\t\t\t<span  >\n\t\t\t\t\t\t\tTrack &amp; Trace\t\t\t\t\t\t<\/span>\n\t\t\t\t\t<\/h3>\n\t\t\t\t\n\t\t\t\t\t\t\t\t\t<p class=\"elementor-icon-box-description\">\n\t\t\t\t\t\tTrack &amp; Trace mit Kunden teilen f\u00fcr B2B- und B2C-Bestellungen\t\t\t\t\t<\/p>\n\t\t\t\t\n\t\t\t<\/div>\n\t\t\t\n\t\t<\/div>\n\t\t\t\t\t\t<\/div>\n\t\t\t\t<\/div>\n\t\t\t\t<div class=\"elementor-element elementor-element-353c6066 elementor-position-inline-start elementor-widget__width-initial elementor-view-default elementor-mobile-position-block-start elementor-widget elementor-widget-icon-box\" data-id=\"353c6066\" data-element_type=\"widget\" data-e-type=\"widget\" data-widget_type=\"icon-box.default\">\n\t\t\t\t<div class=\"elementor-widget-container\">\n\t\t\t\t\t\t\t<div class=\"elementor-icon-box-wrapper\">\n\n\t\t\t\t\t\t<div class=\"elementor-icon-box-icon\">\n\t\t\t\t<span  class=\"elementor-icon\">\n\t\t\t\t<svg xmlns=\"http:\/\/www.w3.org\/2000\/svg\" width=\"32\" height=\"32\" viewBox=\"0 0 32 32\" fill=\"none\"><path d=\"M16 32C24.8366 32 32 24.8366 32 16C32 7.16344 24.8366 0 16 0C7.16344 0 0 7.16344 0 16C0 24.8366 7.16344 32 16 32Z\" fill=\"#3B1B2F\"><\/path><path d=\"M13.8978 20.9998C13.4771 20.9925 13.0764 20.838 12.7819 20.5694L8.45465 16.603C8.15762 16.33 7.99414 15.9628 8.00016 15.5821C8.00618 15.2014 8.18122 14.8385 8.48676 14.5731C8.79231 14.3077 9.20333 14.1617 9.62942 14.1671C10.0555 14.1724 10.4617 14.3288 10.7588 14.6018L13.9701 17.5569L21.34 11.3526C21.653 11.1091 22.0594 10.9834 22.4739 11.0018C22.8884 11.0201 23.2788 11.1812 23.5633 11.4511C23.8478 11.7211 24.0043 12.079 23.9999 12.4497C23.9955 12.8205 23.8306 13.1753 23.5398 13.4398L15.0218 20.6125C14.7176 20.867 14.3145 21.0059 13.8978 20.9998Z\" fill=\"white\"><\/path><\/svg>\t\t\t\t<\/span>\n\t\t\t<\/div>\n\t\t\t\n\t\t\t\t\t\t<div class=\"elementor-icon-box-content\">\n\n\t\t\t\t\t\t\t\t\t<h3 class=\"elementor-icon-box-title\">\n\t\t\t\t\t\t<span  >\n\t\t\t\t\t\t\tSpediteure auf L\u00e4nderebene festlegen\t\t\t\t\t\t<\/span>\n\t\t\t\t\t<\/h3>\n\t\t\t\t\n\t\t\t\t\n\t\t\t<\/div>\n\t\t\t\n\t\t<\/div>\n\t\t\t\t\t\t<\/div>\n\t\t\t\t<\/div>\n\t\t\t\t<div class=\"elementor-element elementor-element-6c4b396 elementor-position-inline-start elementor-widget__width-initial elementor-view-default elementor-mobile-position-block-start elementor-widget elementor-widget-icon-box\" data-id=\"6c4b396\" data-element_type=\"widget\" data-e-type=\"widget\" data-widget_type=\"icon-box.default\">\n\t\t\t\t<div class=\"elementor-widget-container\">\n\t\t\t\t\t\t\t<div class=\"elementor-icon-box-wrapper\">\n\n\t\t\t\t\t\t<div class=\"elementor-icon-box-icon\">\n\t\t\t\t<span  class=\"elementor-icon\">\n\t\t\t\t<svg xmlns=\"http:\/\/www.w3.org\/2000\/svg\" width=\"32\" height=\"32\" viewBox=\"0 0 32 32\" fill=\"none\"><path d=\"M16 32C24.8366 32 32 24.8366 32 16C32 7.16344 24.8366 0 16 0C7.16344 0 0 7.16344 0 16C0 24.8366 7.16344 32 16 32Z\" fill=\"#3B1B2F\"><\/path><path d=\"M13.8978 20.9998C13.4771 20.9925 13.0764 20.838 12.7819 20.5694L8.45465 16.603C8.15762 16.33 7.99414 15.9628 8.00016 15.5821C8.00618 15.2014 8.18122 14.8385 8.48676 14.5731C8.79231 14.3077 9.20333 14.1617 9.62942 14.1671C10.0555 14.1724 10.4617 14.3288 10.7588 14.6018L13.9701 17.5569L21.34 11.3526C21.653 11.1091 22.0594 10.9834 22.4739 11.0018C22.8884 11.0201 23.2788 11.1812 23.5633 11.4511C23.8478 11.7211 24.0043 12.079 23.9999 12.4497C23.9955 12.8205 23.8306 13.1753 23.5398 13.4398L15.0218 20.6125C14.7176 20.867 14.3145 21.0059 13.8978 20.9998Z\" fill=\"white\"><\/path><\/svg>\t\t\t\t<\/span>\n\t\t\t<\/div>\n\t\t\t\n\t\t\t\t\t\t<div class=\"elementor-icon-box-content\">\n\n\t\t\t\t\t\t\t\t\t<h3 class=\"elementor-icon-box-title\">\n\t\t\t\t\t\t<span  >\n\t\t\t\t\t\t\tSchnelle Integration, um mit mehreren Versandpartnern zu arbeiten\t\t\t\t\t\t<\/span>\n\t\t\t\t\t<\/h3>\n\t\t\t\t\n\t\t\t\t\n\t\t\t<\/div>\n\t\t\t\n\t\t<\/div>\n\t\t\t\t\t\t<\/div>\n\t\t\t\t<\/div>\n\t\t\t\t<div class=\"elementor-element elementor-element-13e7da18 elementor-position-inline-start elementor-widget__width-initial elementor-view-default elementor-mobile-position-block-start elementor-widget elementor-widget-icon-box\" data-id=\"13e7da18\" data-element_type=\"widget\" data-e-type=\"widget\" data-widget_type=\"icon-box.default\">\n\t\t\t\t<div class=\"elementor-widget-container\">\n\t\t\t\t\t\t\t<div class=\"elementor-icon-box-wrapper\">\n\n\t\t\t\t\t\t<div class=\"elementor-icon-box-icon\">\n\t\t\t\t<span  class=\"elementor-icon\">\n\t\t\t\t<svg xmlns=\"http:\/\/www.w3.org\/2000\/svg\" width=\"32\" height=\"32\" viewBox=\"0 0 32 32\" fill=\"none\"><path d=\"M16 32C24.8366 32 32 24.8366 32 16C32 7.16344 24.8366 0 16 0C7.16344 0 0 7.16344 0 16C0 24.8366 7.16344 32 16 32Z\" fill=\"#3B1B2F\"><\/path><path d=\"M13.8978 20.9998C13.4771 20.9925 13.0764 20.838 12.7819 20.5694L8.45465 16.603C8.15762 16.33 7.99414 15.9628 8.00016 15.5821C8.00618 15.2014 8.18122 14.8385 8.48676 14.5731C8.79231 14.3077 9.20333 14.1617 9.62942 14.1671C10.0555 14.1724 10.4617 14.3288 10.7588 14.6018L13.9701 17.5569L21.34 11.3526C21.653 11.1091 22.0594 10.9834 22.4739 11.0018C22.8884 11.0201 23.2788 11.1812 23.5633 11.4511C23.8478 11.7211 24.0043 12.079 23.9999 12.4497C23.9955 12.8205 23.8306 13.1753 23.5398 13.4398L15.0218 20.6125C14.7176 20.867 14.3145 21.0059 13.8978 20.9998Z\" fill=\"white\"><\/path><\/svg>\t\t\t\t<\/span>\n\t\t\t<\/div>\n\t\t\t\n\t\t\t\t\t\t<div class=\"elementor-icon-box-content\">\n\n\t\t\t\t\t\t\t\t\t<h3 class=\"elementor-icon-box-title\">\n\t\t\t\t\t\t<span  >\n\t\t\t\t\t\t\tSpediteure anhand der Anzahl der Artikel bestimmen\t\t\t\t\t\t<\/span>\n\t\t\t\t\t<\/h3>\n\t\t\t\t\n\t\t\t\t\n\t\t\t<\/div>\n\t\t\t\n\t\t<\/div>\n\t\t\t\t\t\t<\/div>\n\t\t\t\t<\/div>\n\t\t\t\t<div class=\"elementor-element elementor-element-5b5e639f elementor-position-inline-start elementor-widget__width-initial elementor-view-default elementor-mobile-position-block-start elementor-widget elementor-widget-icon-box\" data-id=\"5b5e639f\" data-element_type=\"widget\" data-e-type=\"widget\" data-widget_type=\"icon-box.default\">\n\t\t\t\t<div class=\"elementor-widget-container\">\n\t\t\t\t\t\t\t<div class=\"elementor-icon-box-wrapper\">\n\n\t\t\t\t\t\t<div class=\"elementor-icon-box-icon\">\n\t\t\t\t<span  class=\"elementor-icon\">\n\t\t\t\t<svg xmlns=\"http:\/\/www.w3.org\/2000\/svg\" width=\"32\" height=\"32\" viewBox=\"0 0 32 32\" fill=\"none\"><path d=\"M16 32C24.8366 32 32 24.8366 32 16C32 7.16344 24.8366 0 16 0C7.16344 0 0 7.16344 0 16C0 24.8366 7.16344 32 16 32Z\" fill=\"#3B1B2F\"><\/path><path d=\"M13.8978 20.9998C13.4771 20.9925 13.0764 20.838 12.7819 20.5694L8.45465 16.603C8.15762 16.33 7.99414 15.9628 8.00016 15.5821C8.00618 15.2014 8.18122 14.8385 8.48676 14.5731C8.79231 14.3077 9.20333 14.1617 9.62942 14.1671C10.0555 14.1724 10.4617 14.3288 10.7588 14.6018L13.9701 17.5569L21.34 11.3526C21.653 11.1091 22.0594 10.9834 22.4739 11.0018C22.8884 11.0201 23.2788 11.1812 23.5633 11.4511C23.8478 11.7211 24.0043 12.079 23.9999 12.4497C23.9955 12.8205 23.8306 13.1753 23.5398 13.4398L15.0218 20.6125C14.7176 20.867 14.3145 21.0059 13.8978 20.9998Z\" fill=\"white\"><\/path><\/svg>\t\t\t\t<\/span>\n\t\t\t<\/div>\n\t\t\t\n\t\t\t\t\t\t<div class=\"elementor-icon-box-content\">\n\n\t\t\t\t\t\t\t\t\t<h3 class=\"elementor-icon-box-title\">\n\t\t\t\t\t\t<span  >\n\t\t\t\t\t\t\tVersandetiketten im POS aktivieren\t\t\t\t\t\t<\/span>\n\t\t\t\t\t<\/h3>\n\t\t\t\t\n\t\t\t\t\t\t\t\t\t<p class=\"elementor-icon-box-description\">\n\t\t\t\t\t\tAktivieren Sie Versandetiketten in Itsperfects Point of Sale (POS), um Artikel aus dem Gesch\u00e4ft zu versenden.\t\t\t\t\t<\/p>\n\t\t\t\t\n\t\t\t<\/div>\n\t\t\t\n\t\t<\/div>\n\t\t\t\t\t\t<\/div>\n\t\t\t\t<\/div>\n\t\t\t\t<div class=\"elementor-element elementor-element-18e18873 elementor-position-inline-start elementor-widget__width-initial elementor-view-default elementor-mobile-position-block-start elementor-widget elementor-widget-icon-box\" data-id=\"18e18873\" data-element_type=\"widget\" data-e-type=\"widget\" data-widget_type=\"icon-box.default\">\n\t\t\t\t<div class=\"elementor-widget-container\">\n\t\t\t\t\t\t\t<div class=\"elementor-icon-box-wrapper\">\n\n\t\t\t\t\t\t<div class=\"elementor-icon-box-icon\">\n\t\t\t\t<span  class=\"elementor-icon\">\n\t\t\t\t<svg xmlns=\"http:\/\/www.w3.org\/2000\/svg\" width=\"32\" height=\"32\" viewBox=\"0 0 32 32\" fill=\"none\"><path d=\"M16 32C24.8366 32 32 24.8366 32 16C32 7.16344 24.8366 0 16 0C7.16344 0 0 7.16344 0 16C0 24.8366 7.16344 32 16 32Z\" fill=\"#3B1B2F\"><\/path><path d=\"M13.8978 20.9998C13.4771 20.9925 13.0764 20.838 12.7819 20.5694L8.45465 16.603C8.15762 16.33 7.99414 15.9628 8.00016 15.5821C8.00618 15.2014 8.18122 14.8385 8.48676 14.5731C8.79231 14.3077 9.20333 14.1617 9.62942 14.1671C10.0555 14.1724 10.4617 14.3288 10.7588 14.6018L13.9701 17.5569L21.34 11.3526C21.653 11.1091 22.0594 10.9834 22.4739 11.0018C22.8884 11.0201 23.2788 11.1812 23.5633 11.4511C23.8478 11.7211 24.0043 12.079 23.9999 12.4497C23.9955 12.8205 23.8306 13.1753 23.5398 13.4398L15.0218 20.6125C14.7176 20.867 14.3145 21.0059 13.8978 20.9998Z\" fill=\"white\"><\/path><\/svg>\t\t\t\t<\/span>\n\t\t\t<\/div>\n\t\t\t\n\t\t\t\t\t\t<div class=\"elementor-icon-box-content\">\n\n\t\t\t\t\t\t\t\t\t<h3 class=\"elementor-icon-box-title\">\n\t\t\t\t\t\t<span  >\n\t\t\t\t\t\t\tVerbindung herstellen mit unserer WMS-L\u00f6sung\t\t\t\t\t\t<\/span>\n\t\t\t\t\t<\/h3>\n\t\t\t\t\n\t\t\t\t\t\t\t\t\t<p class=\"elementor-icon-box-description\">\n\t\t\t\t\t\tVerbinden Sie die integrierten Logistikl\u00f6sungen von Itsperfect, wie zum Beispiel Scan Outbound und unserer Warehouse Management-L\u00f6sung (WMS).\t\t\t\t\t<\/p>\n\t\t\t\t\n\t\t\t<\/div>\n\t\t\t\n\t\t<\/div>\n\t\t\t\t\t\t<\/div>\n\t\t\t\t<\/div>\n\t\t\t\t\t<\/div>\n\t\t<\/div>\n\t\t\t\t\t<\/div>\n\t\t<\/section>\n\t\t\t\t<section class=\"elementor-section elementor-top-section elementor-element elementor-element-712ad270 elementor-section-boxed elementor-section-height-default elementor-section-height-default\" data-id=\"712ad270\" data-element_type=\"section\" data-e-type=\"section\" data-settings=\"{&quot;background_background&quot;:&quot;classic&quot;}\">\n\t\t\t\t\t\t<div class=\"elementor-container elementor-column-gap-default\">\n\t\t\t\t\t<div class=\"elementor-column elementor-col-100 elementor-top-column elementor-element elementor-element-37c60538\" data-id=\"37c60538\" data-element_type=\"column\" data-e-type=\"column\">\n\t\t\t<div class=\"elementor-widget-wrap elementor-element-populated\">\n\t\t\t\t\t\t<div class=\"elementor-element elementor-element-7b992448 elementor-widget elementor-widget-text-editor\" data-id=\"7b992448\" data-element_type=\"widget\" data-e-type=\"widget\" data-widget_type=\"text-editor.default\">\n\t\t\t\t<div class=\"elementor-widget-container\">\n\t\t\t\t\t\t\t\t\t<p><strong>Diese Integration wurde von Itsperfect entwickelt<\/strong><\/p>\n<p><span style=\"font-weight: 400;\">Kontaktieren Sie uns unter <a href=\"tel:0031850160175\">+31 85 016 0175<\/a> oder <a href=\"mailto:sales@itsperfect.io\">sales@itsperfect.io<\/a> f\u00fcr weitere Informationen zu dieser Integration.<\/span><\/p>\n<p>Verwenden Sie Itsperfect bereits? Finden Sie die Integration mit Sendcloud in unserem App Store oder kontaktieren Sie unser Support-Team f\u00fcr weitere Informationen.<\/p>\n\t\t\t\t\t\t\t\t<\/div>\n\t\t\t\t<\/div>\n\t\t\t\t\t<\/div>\n\t\t<\/div>\n\t\t\t\t\t<\/div>\n\t\t<\/section>\n\t\t\t\t<\/div>\n\t\t","protected":false},"excerpt":{"rendered":"<p>Sendcloud x Itsperfect Integration Verkn\u00fcpfen Sie Itsperfect mit Sendcloud, um Ihren bevorzugten Versanddienstleister zu w\u00e4hlen und von den vielen Vorteilen dieser Versandplattform profitieren zu k\u00f6nnen. Mit unserer Sendcloud-Integration k\u00f6nnen Sie ganz einfach B2B- und B2C-Versandetiketten erstellen, Versandetiketten im Point of Sale (POS) von Itsperfect aktivieren, um Artikel aus dem Ladengesch\u00e4ft zu versenden, und eine Verbindung [&hellip;]<\/p>\n","protected":false},"author":4,"featured_media":12461,"parent":8110,"menu_order":0,"comment_status":"closed","ping_status":"closed","template":"","meta":{"_acf_changed":false,"footnotes":""},"class_list":["post-12760","page","type-page","status-publish","has-post-thumbnail","hentry"],"acf":[],"_links":{"self":[{"href":"https:\/\/www.itsperfect.io\/de\/wp-json\/wp\/v2\/pages\/12760","targetHints":{"allow":["GET"]}}],"collection":[{"href":"https:\/\/www.itsperfect.io\/de\/wp-json\/wp\/v2\/pages"}],"about":[{"href":"https:\/\/www.itsperfect.io\/de\/wp-json\/wp\/v2\/types\/page"}],"author":[{"embeddable":true,"href":"https:\/\/www.itsperfect.io\/de\/wp-json\/wp\/v2\/users\/4"}],"replies":[{"embeddable":true,"href":"https:\/\/www.itsperfect.io\/de\/wp-json\/wp\/v2\/comments?post=12760"}],"version-history":[{"count":0,"href":"https:\/\/www.itsperfect.io\/de\/wp-json\/wp\/v2\/pages\/12760\/revisions"}],"up":[{"embeddable":true,"href":"https:\/\/www.itsperfect.io\/de\/wp-json\/wp\/v2\/pages\/8110"}],"wp:featuredmedia":[{"embeddable":true,"href":"https:\/\/www.itsperfect.io\/de\/wp-json\/wp\/v2\/media\/12461"}],"wp:attachment":[{"href":"https:\/\/www.itsperfect.io\/de\/wp-json\/wp\/v2\/media?parent=12760"}],"curies":[{"name":"wp","href":"https:\/\/api.w.org\/{rel}","templated":true}]}}